{"id":32,"date":"2021-05-10T02:44:11","date_gmt":"2021-05-09T17:14:11","guid":{"rendered":"https:\/\/intercast.com.au\/?page_id=32"},"modified":"2023-04-01T10:29:30","modified_gmt":"2023-03-31T23:59:30","slug":"contact-us","status":"publish","type":"page","link":"https:\/\/intercast.com.au\/es\/contact-us\/","title":{"rendered":"CONT\u00c1CTENOS"},"content":{"rendered":"<div data-elementor-type=\"wp-page\" data-elementor-id=\"32\" class=\"elementor elementor-32\">\n\t\t\t\t\t\t<section class=\"elementor-section elementor-top-section elementor-element elementor-element-ded22a0 elementor-section-full_width elementor-section-height-default elementor-section-height-default\" data-id=\"ded22a0\" data-element_type=\"section\" data-e-type=\"section\">\n\t\t\t\t\t\t<div class=\"elementor-container elementor-column-gap-no\">\n\t\t\t\t\t<div class=\"elementor-column elementor-col-100 elementor-top-column elementor-element elementor-element-ca19503\" data-id=\"ca19503\" data-element_type=\"column\" data-e-type=\"column\">\n\t\t\t<div class=\"elementor-widget-wrap elementor-element-populated\">\n\t\t\t\t\t\t<div class=\"elementor-element elementor-element-f1297fc elementor-widget elementor-widget-image\" data-id=\"f1297fc\" data-element_type=\"widget\" data-e-type=\"widget\" data-widget_type=\"image.default\">\n\t\t\t\t<div class=\"elementor-widget-container\">\n\t\t\t\t\t\t\t\t\t\t\t\t\t\t\t<img fetchpriority=\"high\" decoding=\"async\" data-attachment-id=\"2064\" data-permalink=\"https:\/\/intercast.com.au\/es\/contact-hero-cropped\/\" data-orig-file=\"https:\/\/i0.wp.com\/intercast.com.au\/wp-content\/uploads\/2021\/05\/Contact-Hero-Cropped.jpg?fit=3000%2C900&amp;ssl=1\" data-orig-size=\"3000,900\" data-comments-opened=\"0\" data-image-meta=\"{&quot;aperture&quot;:&quot;2&quot;,&quot;credit&quot;:&quot;&quot;,&quot;camera&quot;:&quot;Canon EOS R5&quot;,&quot;caption&quot;:&quot;&quot;,&quot;created_timestamp&quot;:&quot;1617083028&quot;,&quot;copyright&quot;:&quot;&quot;,&quot;focal_length&quot;:&quot;35&quot;,&quot;iso&quot;:&quot;800&quot;,&quot;shutter_speed&quot;:&quot;0.0055555555555556&quot;,&quot;title&quot;:&quot;&quot;,&quot;orientation&quot;:&quot;1&quot;}\" data-image-title=\"Contact Hero Cropped\" data-image-description=\"\" data-image-caption=\"\" data-large-file=\"https:\/\/i0.wp.com\/intercast.com.au\/wp-content\/uploads\/2021\/05\/Contact-Hero-Cropped.jpg?fit=1024%2C307&amp;ssl=1\" width=\"3000\" height=\"900\" src=\"https:\/\/i0.wp.com\/intercast.com.au\/wp-content\/uploads\/2021\/05\/Contact-Hero-Cropped.jpg?fit=3000%2C900&amp;ssl=1\" class=\"attachment-full size-full wp-image-2064\" alt=\"\" srcset=\"https:\/\/i0.wp.com\/intercast.com.au\/wp-content\/uploads\/2021\/05\/Contact-Hero-Cropped.jpg?w=3000&amp;ssl=1 3000w, https:\/\/i0.wp.com\/intercast.com.au\/wp-content\/uploads\/2021\/05\/Contact-Hero-Cropped.jpg?resize=300%2C90&amp;ssl=1 300w, https:\/\/i0.wp.com\/intercast.com.au\/wp-content\/uploads\/2021\/05\/Contact-Hero-Cropped.jpg?resize=1024%2C307&amp;ssl=1 1024w, https:\/\/i0.wp.com\/intercast.com.au\/wp-content\/uploads\/2021\/05\/Contact-Hero-Cropped.jpg?resize=1536%2C461&amp;ssl=1 1536w, https:\/\/i0.wp.com\/intercast.com.au\/wp-content\/uploads\/2021\/05\/Contact-Hero-Cropped.jpg?resize=2048%2C614&amp;ssl=1 2048w, https:\/\/i0.wp.com\/intercast.com.au\/wp-content\/uploads\/2021\/05\/Contact-Hero-Cropped.jpg?resize=16%2C5&amp;ssl=1 16w\" sizes=\"(max-width: 1920px) 100vw, 1920px\" \/>\t\t\t\t\t\t\t\t\t\t\t\t\t\t\t<\/div>\n\t\t\t\t<\/div>\n\t\t\t\t\t<\/div>\n\t\t<\/div>\n\t\t\t\t\t<\/div>\n\t\t<\/section>\n\t\t\t\t<section class=\"elementor-section elementor-top-section elementor-element elementor-element-3aaf139 elementor-section-boxed elementor-section-height-default elementor-section-height-default\" data-id=\"3aaf139\" data-element_type=\"section\" data-e-type=\"section\">\n\t\t\t\t\t\t<div class=\"elementor-container elementor-column-gap-default\">\n\t\t\t\t\t<div class=\"elementor-column elementor-col-100 elementor-top-column elementor-element elementor-element-94cee23\" data-id=\"94cee23\" data-element_type=\"column\" data-e-type=\"column\">\n\t\t\t<div class=\"elementor-widget-wrap elementor-element-populated\">\n\t\t\t\t\t\t<div class=\"elementor-element elementor-element-de954a5 elementor-absolute elementor-widget elementor-widget-heading\" data-id=\"de954a5\" data-element_type=\"widget\" data-e-type=\"widget\" data-settings=\"{&quot;_position&quot;:&quot;absolute&quot;}\" data-widget_type=\"heading.default\">\n\t\t\t\t<div class=\"elementor-widget-container\">\n\t\t\t\t\t<h1 class=\"elementor-heading-title elementor-size-default\">CONT\u00c1CTENOS<\/h1>\t\t\t\t<\/div>\n\t\t\t\t<\/div>\n\t\t\t\t\t<\/div>\n\t\t<\/div>\n\t\t\t\t\t<\/div>\n\t\t<\/section>\n\t\t\t\t<section class=\"elementor-section elementor-top-section elementor-element elementor-element-fd98ea4 elementor-section-boxed elementor-section-height-default elementor-section-height-default\" data-id=\"fd98ea4\" data-element_type=\"section\" data-e-type=\"section\">\n\t\t\t\t\t\t<div class=\"elementor-container elementor-column-gap-default\">\n\t\t\t\t\t<div class=\"elementor-column elementor-col-100 elementor-top-column elementor-element elementor-element-e4e3ace\" data-id=\"e4e3ace\" data-element_type=\"column\" data-e-type=\"column\">\n\t\t\t<div class=\"elementor-widget-wrap elementor-element-populated\">\n\t\t\t\t\t\t<div class=\"elementor-element elementor-element-ec56edb elementor-widget elementor-widget-heading\" data-id=\"ec56edb\" data-element_type=\"widget\" data-e-type=\"widget\" data-widget_type=\"heading.default\">\n\t\t\t\t<div class=\"elementor-widget-container\">\n\t\t\t\t\t<h2 class=\"elementor-heading-title elementor-size-default\">Correo electr\u00f3nico \/ tel\u00e9fono<\/h2>\t\t\t\t<\/div>\n\t\t\t\t<\/div>\n\t\t\t\t\t<\/div>\n\t\t<\/div>\n\t\t\t\t\t<\/div>\n\t\t<\/section>\n\t\t\t\t<section class=\"elementor-section elementor-top-section elementor-element elementor-element-859308f elementor-section-boxed elementor-section-height-default elementor-section-height-default\" data-id=\"859308f\" data-element_type=\"section\" data-e-type=\"section\">\n\t\t\t\t\t\t<div class=\"elementor-container elementor-column-gap-default\">\n\t\t\t\t\t<div class=\"elementor-column elementor-col-100 elementor-top-column elementor-element elementor-element-dfe13ab\" data-id=\"dfe13ab\" data-element_type=\"column\" data-e-type=\"column\">\n\t\t\t<div class=\"elementor-widget-wrap elementor-element-populated\">\n\t\t\t\t\t\t<div class=\"elementor-element elementor-element-dfb0936 elementor-widget elementor-widget-text-editor\" data-id=\"dfb0936\" data-element_type=\"widget\" data-e-type=\"widget\" data-widget_type=\"text-editor.default\">\n\t\t\t\t<div class=\"elementor-widget-container\">\n\t\t\t\t\t\t\t\t\t<div class=\"block-editor-block-list__layout\">\n<div id=\"block-0e83e911-9563-4695-8cca-6adf5bd64058\" class=\"block-editor-block-list__block wp-block\" tabindex=\"0\" role=\"group\" aria-label=\"Bloquear: direcci\u00f3n de correo electr\u00f3nico\" data-block=\"0e83e911-9563-4695-8cca-6adf5bd64058\" data-type=\"jetpack\/email\" data-title=\"Email Address\">\n<div class=\"jetpack-email-block\">\n<div>Correo electr\u00f3nico: <a href=\"mailto:sales@intercast.com.au\">sales@intercast.com.au<\/a><\/div>\n<div>\u00a0<\/div>\n<div class=\"wp-block-jetpack-phone\">Tel\u00e9fono:<a href=\"tel: +61883440100\"> +61 8 83440100<\/a><\/div>\n<\/div>\n<\/div>\n<\/div>\t\t\t\t\t\t\t\t<\/div>\n\t\t\t\t<\/div>\n\t\t\t\t\t<\/div>\n\t\t<\/div>\n\t\t\t\t\t<\/div>\n\t\t<\/section>\n\t\t\t\t<section class=\"elementor-section elementor-top-section elementor-element elementor-element-749e2e3 elementor-section-boxed elementor-section-height-default elementor-section-height-default\" data-id=\"749e2e3\" data-element_type=\"section\" data-e-type=\"section\">\n\t\t\t\t\t\t<div class=\"elementor-container elementor-column-gap-default\">\n\t\t\t\t\t<div class=\"elementor-column elementor-col-100 elementor-top-column elementor-element elementor-element-e968463\" data-id=\"e968463\" data-element_type=\"column\" data-e-type=\"column\">\n\t\t\t<div class=\"elementor-widget-wrap elementor-element-populated\">\n\t\t\t\t\t\t<div class=\"elementor-element elementor-element-5400469 contact-form elementor-widget elementor-widget-heading\" data-id=\"5400469\" data-element_type=\"widget\" data-e-type=\"widget\" data-widget_type=\"heading.default\">\n\t\t\t\t<div class=\"elementor-widget-container\">\n\t\t\t\t\t<h2 class=\"elementor-heading-title elementor-size-default\">Formulario de contacto<\/h2>\t\t\t\t<\/div>\n\t\t\t\t<\/div>\n\t\t\t\t\t<\/div>\n\t\t<\/div>\n\t\t\t\t\t<\/div>\n\t\t<\/section>\n\t\t\t\t<section class=\"elementor-section elementor-top-section elementor-element elementor-element-40563b2 elementor-section-boxed elementor-section-height-default elementor-section-height-default\" data-id=\"40563b2\" data-element_type=\"section\" data-e-type=\"section\">\n\t\t\t\t\t\t<div class=\"elementor-container elementor-column-gap-default\">\n\t\t\t\t\t<div class=\"elementor-column elementor-col-100 elementor-top-column elementor-element elementor-element-4b580d5\" data-id=\"4b580d5\" data-element_type=\"column\" data-e-type=\"column\">\n\t\t\t<div class=\"elementor-widget-wrap elementor-element-populated\">\n\t\t\t\t\t\t<div class=\"elementor-element elementor-element-1f265ed4 elementor-widget elementor-widget-text-editor\" data-id=\"1f265ed4\" data-element_type=\"widget\" data-e-type=\"widget\" data-widget_type=\"text-editor.default\">\n\t\t\t\t<div class=\"elementor-widget-container\">\n\t\t\t\t\t\t\t\t\t<p><\/p>\n<div class=\"wp-block-jetpack-contact-info\">\n<p><strong>Si tiene m\u00e1s preguntas, comun\u00edquese con nosotros a trav\u00e9s del siguiente formulario:<\/strong><\/p>\n<\/div>\n<p>\n<div class=\"wpcf7 no-js\" id=\"wpcf7-f574-o1\" lang=\"en-GB\" dir=\"ltr\" data-wpcf7-id=\"574\">\n<div class=\"screen-reader-response\"><p role=\"status\" aria-live=\"polite\" aria-atomic=\"true\"><\/p> <ul><\/ul><\/div>\n<form action=\"\/es\/wp-json\/wp\/v2\/pages\/32#wpcf7-f574-o1\" method=\"post\" class=\"wpcf7-form init\" aria-label=\"Contact form\" novalidate=\"novalidate\" data-status=\"init\" data-trp-original-action=\"\/es\/wp-json\/wp\/v2\/pages\/32#wpcf7-f574-o1\">\n<fieldset class=\"hidden-fields-container\"><input type=\"hidden\" name=\"_wpcf7\" value=\"574\" \/><input type=\"hidden\" name=\"_wpcf7_version\" value=\"6.1.5\" \/><input type=\"hidden\" name=\"_wpcf7_locale\" value=\"en_GB\" \/><input type=\"hidden\" name=\"_wpcf7_unit_tag\" value=\"wpcf7-f574-o1\" \/><input type=\"hidden\" name=\"_wpcf7_container_post\" value=\"0\" \/><input type=\"hidden\" name=\"_wpcf7_posted_data_hash\" value=\"\" \/><input type=\"hidden\" name=\"upload_dir\" value=\"2026-04-08-07-38-01\" \/><input type=\"hidden\" name=\"generate_name\" value=\"04-08-26-69d629018fdeb\" \/>\n<\/fieldset>\n<p><label> Tu nombre (requerido)<br \/>\n<span class=\"wpcf7-form-control-wrap\" data-name=\"your-name\"><input size=\"40\" maxlength=\"400\" class=\"wpcf7-form-control wpcf7-text wpcf7-validates-as-required\" aria-required=\"true\" aria-invalid=\"false\" value=\"\" type=\"text\" name=\"your-name\" \/><\/span> <\/label>\n<\/p>\n<p><label> Tu Email (requerido)<br \/>\n<span class=\"wpcf7-form-control-wrap\" data-name=\"your-email\"><input size=\"40\" maxlength=\"400\" class=\"wpcf7-form-control wpcf7-email wpcf7-validates-as-required wpcf7-text wpcf7-validates-as-email\" aria-required=\"true\" aria-invalid=\"false\" value=\"\" type=\"email\" name=\"your-email\" \/><\/span> <\/label>\n<\/p>\n<p><label> Tu n\u00famero de tel\u00e9fono (opcional)<br \/>\n<span class=\"wpcf7-form-control-wrap\" data-name=\"Phone\"><input size=\"40\" maxlength=\"400\" class=\"wpcf7-form-control wpcf7-tel wpcf7-text wpcf7-validates-as-tel\" aria-invalid=\"false\" value=\"\" type=\"tel\" name=\"Phone\" \/><\/span><\/label>\n<\/p>\n<p><label> Sujeto<br \/>\n<span class=\"wpcf7-form-control-wrap\" data-name=\"your-subject\"><input size=\"40\" maxlength=\"400\" class=\"wpcf7-form-control wpcf7-text\" aria-invalid=\"false\" value=\"\" type=\"text\" name=\"your-subject\" \/><\/span> <\/label>\n<\/p>\n<p><label> Tu mensaje<br \/>\n<span class=\"wpcf7-form-control-wrap\" data-name=\"your-message\"><textarea cols=\"40\" rows=\"10\" maxlength=\"2000\" class=\"wpcf7-form-control wpcf7-textarea\" aria-invalid=\"false\" name=\"your-message\"><\/textarea><\/span> <\/label>\n<\/p>\n<p><label> Si tiene un archivo de referencia, adj\u00fantelo aqu\u00ed. M\u00e1ximo de 5 archivos, tama\u00f1o total de 25 MB. Formatos aceptables: .pdf, .jpg, .dwg, .iges, .step:<br \/>\n<span class=\"wpcf7-form-control-wrap codedropz-theme-light\" data-name=\"multiple-upload\"><input size=\"40\" class=\"wpcf7-form-control wpcf7-drag-n-drop-file d-none\" aria-invalid=\"false\" type=\"file\" multiple=\"multiple\" data-name=\"multiple-upload\" data-type=\"pdf|jpg|jpeg|dwg|iges|step\" data-max=\"5\" data-id=\"574\" accept=\".pdf, .jpg, .jpeg, .dwg, .iges, .step\" \/><\/span><br \/>\nPor favor lea y confirme:<br \/>\n<span class=\"wpcf7-form-control-wrap\" data-name=\"no-forgings\"><span class=\"wpcf7-form-control wpcf7-checkbox wpcf7-validates-as-required wpcf7-exclusive-checkbox\"><span class=\"wpcf7-list-item first last\"><input type=\"checkbox\" name=\"no-forgings\" value=\"I understand that Intercast is an iron casting business only. Unfortunately, we can not produce steel castings or forgings.\" \/><span class=\"wpcf7-list-item-label\">Entiendo que Intercast es un negocio de fundici\u00f3n de hierro \u00fanicamente. Desafortunadamente, no podemos producir piezas de fundici\u00f3n o forja de acero.<\/span><\/span><\/span><\/span><br \/>\n<span class=\"wpcf7-form-control-wrap\" data-name=\"no-small-runs\"><span class=\"wpcf7-form-control wpcf7-checkbox wpcf7-validates-as-required wpcf7-exclusive-checkbox\"><span class=\"wpcf7-list-item first last\"><input type=\"checkbox\" name=\"no-small-runs\" value=\"I understand that Intercast is efficient with medium to high volume production, and low volume runs may be more suited to jobbing foundries.\" \/><span class=\"wpcf7-list-item-label\">Entiendo que Intercast es eficiente con producci\u00f3n de volumen medio a alto, y las tiradas de bajo volumen pueden ser m\u00e1s adecuadas para fundiciones de trabajos.<\/span><\/span><\/span><\/span> <a href=\"https:\/\/www.australianfoundryinstitute.com.au\/\">Instituto Australiano de Fundici\u00f3n<\/a> puede ayudarle a encontrar una fundici\u00f3n adecuada de bajo volumen.<br \/>\n<input class=\"wpcf7-form-control wpcf7-submit has-spinner\" type=\"submit\" value=\"Enviar\" \/><\/label>\n<\/p><p style=\"display: none !important;\" class=\"akismet-fields-container\" data-prefix=\"_wpcf7_ak_\"><label>&#916;<textarea name=\"_wpcf7_ak_hp_textarea\" cols=\"45\" rows=\"8\" maxlength=\"100\"><\/textarea><\/label><input type=\"hidden\" id=\"ak_js_1\" name=\"_wpcf7_ak_js\" value=\"184\"\/><script>document.getElementById( \"ak_js_1\" ).setAttribute( \"value\", ( new Date() ).getTime() );<\/script><\/p><div class=\"wpcf7-response-output\" aria-hidden=\"true\"><\/div>\n<input type=\"hidden\" name=\"trp-form-language\" value=\"es\"\/><\/form>\n<\/div>\n<\/p>\n<p><div class=\"wp-block-jetpack-contact-form is-layout-flex wp-container-jetpack-contact-form-is-layout-faa3ad1c wp-block-jetpack-contact-form-is-layout-flex\"><a href=\"https:\/\/intercast.com.au\/es\/contact-us\/\" target=\"_blank\" rel=\"noopener noreferrer\">Env\u00eda un formulario.<\/a><\/div><\/p>\n<p>\u00a0<\/p>\t\t\t\t\t\t\t\t<\/div>\n\t\t\t\t<\/div>\n\t\t\t\t\t<\/div>\n\t\t<\/div>\n\t\t\t\t\t<\/div>\n\t\t<\/section>\n\t\t\t\t<section class=\"elementor-section elementor-top-section elementor-element elementor-element-8bd9692 elementor-section-boxed elementor-section-height-default elementor-section-height-default\" data-id=\"8bd9692\" data-element_type=\"section\" data-e-type=\"section\">\n\t\t\t\t\t\t<div class=\"elementor-container elementor-column-gap-default\">\n\t\t\t\t\t<div class=\"elementor-column elementor-col-100 elementor-top-column elementor-element elementor-element-7092fb0\" data-id=\"7092fb0\" data-element_type=\"column\" data-e-type=\"column\">\n\t\t\t<div class=\"elementor-widget-wrap elementor-element-populated\">\n\t\t\t\t\t\t<div class=\"elementor-element elementor-element-307b832 elementor-widget elementor-widget-heading\" data-id=\"307b832\" data-element_type=\"widget\" data-e-type=\"widget\" id=\"map\" data-widget_type=\"heading.default\">\n\t\t\t\t<div class=\"elementor-widget-container\">\n\t\t\t\t\t<h2 class=\"elementor-heading-title elementor-size-default\">nuestra ubicaci\u00f3n<\/h2>\t\t\t\t<\/div>\n\t\t\t\t<\/div>\n\t\t\t\t\t<\/div>\n\t\t<\/div>\n\t\t\t\t\t<\/div>\n\t\t<\/section>\n\t\t\t\t<section class=\"elementor-section elementor-top-section elementor-element elementor-element-cd848cf elementor-section-full_width elementor-section-height-default elementor-section-height-default\" data-id=\"cd848cf\" data-element_type=\"section\" data-e-type=\"section\">\n\t\t\t\t\t\t<div class=\"elementor-container elementor-column-gap-default\">\n\t\t\t\t\t<div class=\"elementor-column elementor-col-100 elementor-top-column elementor-element elementor-element-e13b54f\" data-id=\"e13b54f\" data-element_type=\"column\" data-e-type=\"column\">\n\t\t\t<div class=\"elementor-widget-wrap elementor-element-populated\">\n\t\t\t\t\t\t<div class=\"elementor-element elementor-element-95e048a elementor-widget elementor-widget-google_maps\" data-id=\"95e048a\" data-element_type=\"widget\" data-e-type=\"widget\" data-widget_type=\"google_maps.default\">\n\t\t\t\t<div class=\"elementor-widget-container\">\n\t\t\t\t\t\t\t<div class=\"elementor-custom-embed\">\n\t\t\t<iframe loading=\"lazy\"\n\t\t\t\t\tsrc=\"https:\/\/maps.google.com\/maps?q=Intercast%20%26%20Forge%2C%201%20Schumacher%20Rd%2C%20Wingfield%20SA%205013&#038;t=m&#038;z=10&#038;output=embed&#038;iwloc=near\"\n\t\t\t\t\ttitle=\"Intercast y Forge, 1 Schumacher Rd, Wingfield SA 5013\"\n\t\t\t\t\taria-label=\"Intercast y Forge, 1 Schumacher Rd, Wingfield SA 5013\"\n\t\t\t><\/iframe>\n\t\t<\/div>\n\t\t\t\t\t\t<\/div>\n\t\t\t\t<\/div>\n\t\t\t\t\t<\/div>\n\t\t<\/div>\n\t\t\t\t\t<\/div>\n\t\t<\/section>\n\t\t\t\t<\/div>","protected":false},"excerpt":{"rendered":"<p>CONTACT US Email\/Phone Email: sales@intercast.com.au \u00a0 Phone: +61 8 83440100 Contact Form \u00a0 Our Location<\/p>","protected":false},"author":179110936,"featured_media":0,"parent":0,"menu_order":0,"comment_status":"closed","ping_status":"closed","template":"","meta":{"_coblocks_attr":"","_coblocks_dimensions":"","_coblocks_responsive_height":"","_coblocks_accordion_ie_support":"","jetpack_post_was_ever_published":false,"footnotes":""},"class_list":["post-32","page","type-page","status-publish","hentry"],"yoast_head":"<!-- This site is optimized with the Yoast SEO plugin v27.3 - https:\/\/yoast.com\/product\/yoast-seo-wordpress\/ -->\n<title>CONTACT US - Intercast and Forge<\/title>\n<meta name=\"description\" content=\"We would love to hear from you! Use our contact form to submit your reference files for a quote, or send us an email.\" \/>\n<meta name=\"robots\" content=\"index, follow, max-snippet:-1, max-image-preview:large, max-video-preview:-1\" \/>\n<link rel=\"canonical\" href=\"https:\/\/intercast.com.au\/es\/contact-us\/\" \/>\n<meta property=\"og:locale\" content=\"es_ES\" \/>\n<meta property=\"og:type\" content=\"article\" \/>\n<meta property=\"og:title\" content=\"CONTACT US - Intercast and Forge\" \/>\n<meta property=\"og:description\" content=\"We would love to hear from you! Use our contact form to submit your reference files for a quote, or send us an email.\" \/>\n<meta property=\"og:url\" content=\"https:\/\/intercast.com.au\/es\/contact-us\/\" \/>\n<meta property=\"og:site_name\" content=\"Intercast and Forge\" \/>\n<meta property=\"article:modified_time\" content=\"2023-03-31T23:59:30+00:00\" \/>\n<meta property=\"og:image\" content=\"https:\/\/intercast.com.au\/wp-content\/uploads\/2021\/05\/Contact-Hero-Cropped.jpg\" \/>\n<meta name=\"twitter:card\" content=\"summary_large_image\" \/>\n<meta name=\"twitter:label1\" content=\"Tiempo de lectura\" \/>\n\t<meta name=\"twitter:data1\" content=\"1 minuto\" \/>\n<script type=\"application\/ld+json\" class=\"yoast-schema-graph\">{\"@context\":\"https:\\\/\\\/schema.org\",\"@graph\":[{\"@type\":\"WebPage\",\"@id\":\"https:\\\/\\\/intercast.com.au\\\/contact-us\\\/\",\"url\":\"https:\\\/\\\/intercast.com.au\\\/contact-us\\\/\",\"name\":\"CONTACT US - Intercast and Forge\",\"isPartOf\":{\"@id\":\"https:\\\/\\\/intercast.com.au\\\/#website\"},\"primaryImageOfPage\":{\"@id\":\"https:\\\/\\\/intercast.com.au\\\/contact-us\\\/#primaryimage\"},\"image\":{\"@id\":\"https:\\\/\\\/intercast.com.au\\\/contact-us\\\/#primaryimage\"},\"thumbnailUrl\":\"https:\\\/\\\/intercast.com.au\\\/wp-content\\\/uploads\\\/2021\\\/05\\\/Contact-Hero-Cropped.jpg\",\"datePublished\":\"2021-05-09T17:14:11+00:00\",\"dateModified\":\"2023-03-31T23:59:30+00:00\",\"description\":\"We would love to hear from you! Use our contact form to submit your reference files for a quote, or send us an email.\",\"breadcrumb\":{\"@id\":\"https:\\\/\\\/intercast.com.au\\\/contact-us\\\/#breadcrumb\"},\"inLanguage\":\"es\",\"potentialAction\":[{\"@type\":\"ReadAction\",\"target\":[\"https:\\\/\\\/intercast.com.au\\\/contact-us\\\/\"]}]},{\"@type\":\"ImageObject\",\"inLanguage\":\"es\",\"@id\":\"https:\\\/\\\/intercast.com.au\\\/contact-us\\\/#primaryimage\",\"url\":\"https:\\\/\\\/intercast.com.au\\\/wp-content\\\/uploads\\\/2021\\\/05\\\/Contact-Hero-Cropped.jpg\",\"contentUrl\":\"https:\\\/\\\/intercast.com.au\\\/wp-content\\\/uploads\\\/2021\\\/05\\\/Contact-Hero-Cropped.jpg\"},{\"@type\":\"BreadcrumbList\",\"@id\":\"https:\\\/\\\/intercast.com.au\\\/contact-us\\\/#breadcrumb\",\"itemListElement\":[{\"@type\":\"ListItem\",\"position\":1,\"name\":\"Home\",\"item\":\"https:\\\/\\\/intercast.com.au\\\/\"},{\"@type\":\"ListItem\",\"position\":2,\"name\":\"CONTACT US\"}]},{\"@type\":\"WebSite\",\"@id\":\"https:\\\/\\\/intercast.com.au\\\/#website\",\"url\":\"https:\\\/\\\/intercast.com.au\\\/\",\"name\":\"Intercast and Forge\",\"description\":\"Your Foundry of Choice\",\"potentialAction\":[{\"@type\":\"SearchAction\",\"target\":{\"@type\":\"EntryPoint\",\"urlTemplate\":\"https:\\\/\\\/intercast.com.au\\\/?s={search_term_string}\"},\"query-input\":{\"@type\":\"PropertyValueSpecification\",\"valueRequired\":true,\"valueName\":\"search_term_string\"}}],\"inLanguage\":\"es\"}]}<\/script>\n<!-- \/ Yoast SEO plugin. -->","yoast_head_json":{"title":"CONT\u00c1CTENOS - Intercast and Forge","description":"\u00a1Nos encantar\u00eda saber de ti! Utilice nuestro formulario de contacto para enviar sus archivos de referencia para una cotizaci\u00f3n o env\u00edenos un correo electr\u00f3nico.","robots":{"index":"index","follow":"follow","max-snippet":"max-snippet:-1","max-image-preview":"max-image-preview:large","max-video-preview":"max-video-preview:-1"},"canonical":"https:\/\/intercast.com.au\/es\/contact-us\/","og_locale":"es_ES","og_type":"article","og_title":"CONTACT US - Intercast and Forge","og_description":"We would love to hear from you! Use our contact form to submit your reference files for a quote, or send us an email.","og_url":"https:\/\/intercast.com.au\/es\/contact-us\/","og_site_name":"Intercast and Forge","article_modified_time":"2023-03-31T23:59:30+00:00","og_image":[{"url":"https:\/\/intercast.com.au\/wp-content\/uploads\/2021\/05\/Contact-Hero-Cropped.jpg","type":"","width":"","height":""}],"twitter_card":"summary_large_image","twitter_misc":{"Tiempo de lectura":"1 minuto"},"schema":{"@context":"https:\/\/schema.org","@graph":[{"@type":"WebPage","@id":"https:\/\/intercast.com.au\/contact-us\/","url":"https:\/\/intercast.com.au\/contact-us\/","name":"CONT\u00c1CTENOS - Intercast and Forge","isPartOf":{"@id":"https:\/\/intercast.com.au\/#website"},"primaryImageOfPage":{"@id":"https:\/\/intercast.com.au\/contact-us\/#primaryimage"},"image":{"@id":"https:\/\/intercast.com.au\/contact-us\/#primaryimage"},"thumbnailUrl":"https:\/\/intercast.com.au\/wp-content\/uploads\/2021\/05\/Contact-Hero-Cropped.jpg","datePublished":"2021-05-09T17:14:11+00:00","dateModified":"2023-03-31T23:59:30+00:00","description":"\u00a1Nos encantar\u00eda saber de ti! Utilice nuestro formulario de contacto para enviar sus archivos de referencia para una cotizaci\u00f3n o env\u00edenos un correo electr\u00f3nico.","breadcrumb":{"@id":"https:\/\/intercast.com.au\/contact-us\/#breadcrumb"},"inLanguage":"es","potentialAction":[{"@type":"ReadAction","target":["https:\/\/intercast.com.au\/contact-us\/"]}]},{"@type":"ImageObject","inLanguage":"es","@id":"https:\/\/intercast.com.au\/contact-us\/#primaryimage","url":"https:\/\/intercast.com.au\/wp-content\/uploads\/2021\/05\/Contact-Hero-Cropped.jpg","contentUrl":"https:\/\/intercast.com.au\/wp-content\/uploads\/2021\/05\/Contact-Hero-Cropped.jpg"},{"@type":"BreadcrumbList","@id":"https:\/\/intercast.com.au\/contact-us\/#breadcrumb","itemListElement":[{"@type":"ListItem","position":1,"name":"Home","item":"https:\/\/intercast.com.au\/"},{"@type":"ListItem","position":2,"name":"CONTACT US"}]},{"@type":"WebSite","@id":"https:\/\/intercast.com.au\/#website","url":"https:\/\/intercast.com.au\/","name":"Intercast y Forge","description":"Su fundici\u00f3n de elecci\u00f3n","potentialAction":[{"@type":"SearchAction","target":{"@type":"EntryPoint","urlTemplate":"https:\/\/intercast.com.au\/?s={search_term_string}"},"query-input":{"@type":"PropertyValueSpecification","valueRequired":true,"valueName":"search_term_string"}}],"inLanguage":"es"}]}},"jetpack_shortlink":"https:\/\/wp.me\/PbsZUT-w","jetpack_sharing_enabled":true,"amp_enabled":true,"_links":{"self":[{"href":"https:\/\/intercast.com.au\/es\/wp-json\/wp\/v2\/pages\/32","targetHints":{"allow":["GET"]}}],"collection":[{"href":"https:\/\/intercast.com.au\/es\/wp-json\/wp\/v2\/pages"}],"about":[{"href":"https:\/\/intercast.com.au\/es\/wp-json\/wp\/v2\/types\/page"}],"author":[{"embeddable":true,"href":"https:\/\/intercast.com.au\/es\/wp-json\/wp\/v2\/users\/179110936"}],"replies":[{"embeddable":true,"href":"https:\/\/intercast.com.au\/es\/wp-json\/wp\/v2\/comments?post=32"}],"version-history":[{"count":96,"href":"https:\/\/intercast.com.au\/es\/wp-json\/wp\/v2\/pages\/32\/revisions"}],"predecessor-version":[{"id":3258,"href":"https:\/\/intercast.com.au\/es\/wp-json\/wp\/v2\/pages\/32\/revisions\/3258"}],"wp:attachment":[{"href":"https:\/\/intercast.com.au\/es\/wp-json\/wp\/v2\/media?parent=32"}],"curies":[{"name":"wp","href":"https:\/\/api.w.org\/{rel}","templated":true}]}}