{"id":324,"date":"2021-05-10T15:12:44","date_gmt":"2021-05-10T05:42:44","guid":{"rendered":"https:\/\/intercast.com.au\/?page_id=324"},"modified":"2023-11-29T16:57:39","modified_gmt":"2023-11-29T06:27:39","slug":"environmental","status":"publish","type":"page","link":"https:\/\/intercast.com.au\/es\/environmental\/","title":{"rendered":"AMBIENTAL"},"content":{"rendered":"<div data-elementor-type=\"wp-page\" data-elementor-id=\"324\" class=\"elementor elementor-324\">\n\t\t\t\t\t\t<section class=\"elementor-section elementor-top-section elementor-element elementor-element-7abb45f elementor-section-full_width elementor-section-height-default elementor-section-height-default\" data-id=\"7abb45f\" data-element_type=\"section\" data-e-type=\"section\">\n\t\t\t\t\t\t<div class=\"elementor-container elementor-column-gap-no\">\n\t\t\t\t\t<div class=\"elementor-column elementor-col-100 elementor-top-column elementor-element elementor-element-bb2a95d\" data-id=\"bb2a95d\" data-element_type=\"column\" data-e-type=\"column\">\n\t\t\t<div class=\"elementor-widget-wrap elementor-element-populated\">\n\t\t\t\t\t\t<div class=\"elementor-element elementor-element-4191c45 elementor-widget elementor-widget-image\" data-id=\"4191c45\" data-element_type=\"widget\" data-e-type=\"widget\" data-widget_type=\"image.default\">\n\t\t\t\t<div class=\"elementor-widget-container\">\n\t\t\t\t\t\t\t\t\t\t\t\t\t\t\t<img fetchpriority=\"high\" decoding=\"async\" data-attachment-id=\"2075\" data-permalink=\"https:\/\/intercast.com.au\/es\/environmental\/environment-hero-cropped\/\" data-orig-file=\"https:\/\/i0.wp.com\/intercast.com.au\/wp-content\/uploads\/2021\/05\/Environment-Hero-Cropped.jpg?fit=3000%2C900&amp;ssl=1\" data-orig-size=\"3000,900\" data-comments-opened=\"0\" data-image-meta=\"{&quot;aperture&quot;:&quot;5&quot;,&quot;credit&quot;:&quot;&quot;,&quot;camera&quot;:&quot;Canon EOS 7D&quot;,&quot;caption&quot;:&quot;&quot;,&quot;created_timestamp&quot;:&quot;1409901932&quot;,&quot;copyright&quot;:&quot;&quot;,&quot;focal_length&quot;:&quot;70&quot;,&quot;iso&quot;:&quot;100&quot;,&quot;shutter_speed&quot;:&quot;0.0025&quot;,&quot;title&quot;:&quot;&quot;,&quot;orientation&quot;:&quot;1&quot;}\" data-image-title=\"Environment Hero Cropped\" data-image-description=\"\" data-image-caption=\"\" data-large-file=\"https:\/\/i0.wp.com\/intercast.com.au\/wp-content\/uploads\/2021\/05\/Environment-Hero-Cropped.jpg?fit=1024%2C307&amp;ssl=1\" width=\"3000\" height=\"900\" src=\"https:\/\/i0.wp.com\/intercast.com.au\/wp-content\/uploads\/2021\/05\/Environment-Hero-Cropped.jpg?fit=3000%2C900&amp;ssl=1\" class=\"attachment-full size-full wp-image-2075\" alt=\"\" srcset=\"https:\/\/i0.wp.com\/intercast.com.au\/wp-content\/uploads\/2021\/05\/Environment-Hero-Cropped.jpg?w=3000&amp;ssl=1 3000w, https:\/\/i0.wp.com\/intercast.com.au\/wp-content\/uploads\/2021\/05\/Environment-Hero-Cropped.jpg?resize=300%2C90&amp;ssl=1 300w, https:\/\/i0.wp.com\/intercast.com.au\/wp-content\/uploads\/2021\/05\/Environment-Hero-Cropped.jpg?resize=1024%2C307&amp;ssl=1 1024w, https:\/\/i0.wp.com\/intercast.com.au\/wp-content\/uploads\/2021\/05\/Environment-Hero-Cropped.jpg?resize=1536%2C461&amp;ssl=1 1536w, https:\/\/i0.wp.com\/intercast.com.au\/wp-content\/uploads\/2021\/05\/Environment-Hero-Cropped.jpg?resize=2048%2C614&amp;ssl=1 2048w, https:\/\/i0.wp.com\/intercast.com.au\/wp-content\/uploads\/2021\/05\/Environment-Hero-Cropped.jpg?resize=16%2C5&amp;ssl=1 16w\" sizes=\"(max-width: 1920px) 100vw, 1920px\" \/>\t\t\t\t\t\t\t\t\t\t\t\t\t\t\t<\/div>\n\t\t\t\t<\/div>\n\t\t\t\t\t<\/div>\n\t\t<\/div>\n\t\t\t\t\t<\/div>\n\t\t<\/section>\n\t\t\t\t<section class=\"elementor-section elementor-top-section elementor-element elementor-element-33fd1768 elementor-section-full_width elementor-section-height-default elementor-section-height-default\" data-id=\"33fd1768\" data-element_type=\"section\" data-e-type=\"section\">\n\t\t\t\t\t\t<div class=\"elementor-container elementor-column-gap-no\">\n\t\t\t\t\t<div class=\"elementor-column elementor-col-100 elementor-top-column elementor-element elementor-element-5264a1ac\" data-id=\"5264a1ac\" data-element_type=\"column\" data-e-type=\"column\">\n\t\t\t<div class=\"elementor-widget-wrap elementor-element-populated\">\n\t\t\t\t\t\t<div class=\"elementor-element elementor-element-6d8ecc8 elementor-absolute elementor-widget elementor-widget-heading\" data-id=\"6d8ecc8\" data-element_type=\"widget\" data-e-type=\"widget\" data-settings=\"{&quot;_position&quot;:&quot;absolute&quot;}\" data-widget_type=\"heading.default\">\n\t\t\t\t<div class=\"elementor-widget-container\">\n\t\t\t\t\t<h1 class=\"elementor-heading-title elementor-size-default\">AMBIENTE<\/h1>\t\t\t\t<\/div>\n\t\t\t\t<\/div>\n\t\t\t\t\t<\/div>\n\t\t<\/div>\n\t\t\t\t\t<\/div>\n\t\t<\/section>\n\t\t\t\t<section class=\"elementor-section elementor-top-section elementor-element elementor-element-58b2808f elementor-section-boxed elementor-section-height-default elementor-section-height-default\" data-id=\"58b2808f\" data-element_type=\"section\" data-e-type=\"section\">\n\t\t\t\t\t\t<div class=\"elementor-container elementor-column-gap-default\">\n\t\t\t\t\t<div class=\"elementor-column elementor-col-50 elementor-top-column elementor-element elementor-element-66e902cf\" data-id=\"66e902cf\" data-element_type=\"column\" data-e-type=\"column\" data-settings=\"{&quot;animation_mobile&quot;:&quot;none&quot;}\">\n\t\t\t<div class=\"elementor-widget-wrap elementor-element-populated\">\n\t\t\t\t\t\t<div class=\"elementor-element elementor-element-70692bc elementor-widget elementor-widget-heading\" data-id=\"70692bc\" data-element_type=\"widget\" data-e-type=\"widget\" id=\"overview\" data-widget_type=\"heading.default\">\n\t\t\t\t<div class=\"elementor-widget-container\">\n\t\t\t\t\t<h2 class=\"elementor-heading-title elementor-size-default\">Echando un ojo al futuro<\/h2>\t\t\t\t<\/div>\n\t\t\t\t<\/div>\n\t\t\t\t<div class=\"elementor-element elementor-element-1869208 elementor-widget elementor-widget-text-editor\" data-id=\"1869208\" data-element_type=\"widget\" data-e-type=\"widget\" data-widget_type=\"text-editor.default\">\n\t\t\t\t<div class=\"elementor-widget-container\">\n\t\t\t\t\t\t\t\t\t<p>Como fabricante importante, nos tomamos en serio nuestra huella de carbono y entendemos que cada decisi\u00f3n que tomamos puede tener un impacto importante en el medio ambiente.<\/p><p>Establecemos objetivos y metas basados en nuestros impactos identificados en el medio ambiente y nos aseguramos de que estos sean monitoreados, medidos y revisados para verificar su conveniencia y efectividad continuas.<\/p>\t\t\t\t\t\t\t\t<\/div>\n\t\t\t\t<\/div>\n\t\t\t\t\t<\/div>\n\t\t<\/div>\n\t\t\t\t<div class=\"elementor-column elementor-col-50 elementor-top-column elementor-element elementor-element-509e76af animated-fast elementor-invisible\" data-id=\"509e76af\" data-element_type=\"column\" data-e-type=\"column\" data-settings=\"{&quot;animation&quot;:&quot;slideInRight&quot;,&quot;animation_tablet&quot;:&quot;none&quot;,&quot;animation_mobile&quot;:&quot;none&quot;}\">\n\t\t\t<div class=\"elementor-widget-wrap elementor-element-populated\">\n\t\t\t\t\t\t<div class=\"elementor-element elementor-element-2decd615 elementor-widget elementor-widget-image\" data-id=\"2decd615\" data-element_type=\"widget\" data-e-type=\"widget\" data-settings=\"{&quot;_animation_mobile&quot;:&quot;none&quot;}\" data-widget_type=\"image.default\">\n\t\t\t\t<div class=\"elementor-widget-container\">\n\t\t\t\t\t\t\t\t\t\t\t\t\t\t\t<img decoding=\"async\" src=\"https:\/\/i0.wp.com\/intercast.com.au\/wp-content\/uploads\/2021\/05\/FLOODLIGHT_INTERCAST_WEBRES_032.jpg?fit=1200%2C700&#038;ssl=1\" title=\"FLOODLIGHT_INTERCAST_WEBRES_032\" alt=\"FLOODLIGHT_INTERCAST_WEBRES_032\" loading=\"lazy\" \/>\t\t\t\t\t\t\t\t\t\t\t\t\t\t\t<\/div>\n\t\t\t\t<\/div>\n\t\t\t\t\t<\/div>\n\t\t<\/div>\n\t\t\t\t\t<\/div>\n\t\t<\/section>\n\t\t\t\t<section class=\"elementor-section elementor-top-section elementor-element elementor-element-1d0ccc5f elementor-section-boxed elementor-section-height-default elementor-section-height-default\" data-id=\"1d0ccc5f\" data-element_type=\"section\" data-e-type=\"section\">\n\t\t\t\t\t\t<div class=\"elementor-container elementor-column-gap-default\">\n\t\t\t\t\t<div class=\"elementor-column elementor-col-50 elementor-top-column elementor-element elementor-element-59eface8\" data-id=\"59eface8\" data-element_type=\"column\" data-e-type=\"column\" data-settings=\"{&quot;animation_mobile&quot;:&quot;none&quot;}\">\n\t\t\t<div class=\"elementor-widget-wrap elementor-element-populated\">\n\t\t\t\t\t\t<div class=\"elementor-element elementor-element-ad0a123 elementor-widget elementor-widget-heading\" data-id=\"ad0a123\" data-element_type=\"widget\" data-e-type=\"widget\" id=\"impact\" data-widget_type=\"heading.default\">\n\t\t\t\t<div class=\"elementor-widget-container\">\n\t\t\t\t\t<h2 class=\"elementor-heading-title elementor-size-default\">Metal<\/h2>\t\t\t\t<\/div>\n\t\t\t\t<\/div>\n\t\t\t\t<div class=\"elementor-element elementor-element-3a12efeb elementor-widget elementor-widget-text-editor\" data-id=\"3a12efeb\" data-element_type=\"widget\" data-e-type=\"widget\" data-widget_type=\"text-editor.default\">\n\t\t\t\t<div class=\"elementor-widget-container\">\n\t\t\t\t\t\t\t\t\t<p>Nuestro hierro se obtiene de hasta 86% chatarra que se mezcla y controla cuidadosamente para verificar su calidad. La mayor parte de la chatarra proviene de autom\u00f3viles al final de su vida \u00fatil y materiales de demolici\u00f3n de edificios.<\/p><p>El uso de materiales de desecho para crear nuestro hierro fundido es emocionante y, combinado con la energ\u00eda renovable, estamos aportando grandes cosas para el medio ambiente.<\/p>\t\t\t\t\t\t\t\t<\/div>\n\t\t\t\t<\/div>\n\t\t\t\t\t<\/div>\n\t\t<\/div>\n\t\t\t\t<div class=\"elementor-column elementor-col-50 elementor-top-column elementor-element elementor-element-62e0d81 animated-fast elementor-invisible\" data-id=\"62e0d81\" data-element_type=\"column\" data-e-type=\"column\" data-settings=\"{&quot;animation&quot;:&quot;slideInRight&quot;,&quot;animation_tablet&quot;:&quot;none&quot;,&quot;animation_mobile&quot;:&quot;none&quot;}\">\n\t\t\t<div class=\"elementor-widget-wrap elementor-element-populated\">\n\t\t\t\t\t\t<div class=\"elementor-element elementor-element-1c933074 elementor-widget elementor-widget-image\" data-id=\"1c933074\" data-element_type=\"widget\" data-e-type=\"widget\" data-settings=\"{&quot;_animation_mobile&quot;:&quot;none&quot;}\" data-widget_type=\"image.default\">\n\t\t\t\t<div class=\"elementor-widget-container\">\n\t\t\t\t\t\t\t\t\t\t\t\t\t\t\t<img decoding=\"async\" src=\"https:\/\/i0.wp.com\/intercast.com.au\/wp-content\/uploads\/2021\/05\/FLOODLIGHT_INTERCAST_WEBRES_026.jpg?fit=1200%2C700&#038;ssl=1\" title=\"FLOODLIGHT_INTERCAST_WEBRES_026\" alt=\"FLOODLIGHT_INTERCAST_WEBRES_026\" loading=\"lazy\" \/>\t\t\t\t\t\t\t\t\t\t\t\t\t\t\t<\/div>\n\t\t\t\t<\/div>\n\t\t\t\t\t<\/div>\n\t\t<\/div>\n\t\t\t\t\t<\/div>\n\t\t<\/section>\n\t\t\t\t<section class=\"elementor-section elementor-top-section elementor-element elementor-element-256a33 elementor-section-boxed elementor-section-height-default elementor-section-height-default\" data-id=\"256a33\" data-element_type=\"section\" data-e-type=\"section\">\n\t\t\t\t\t\t<div class=\"elementor-container elementor-column-gap-default\">\n\t\t\t\t\t<div class=\"elementor-column elementor-col-50 elementor-top-column elementor-element elementor-element-25ef76d7\" data-id=\"25ef76d7\" data-element_type=\"column\" data-e-type=\"column\" data-settings=\"{&quot;animation_mobile&quot;:&quot;none&quot;}\">\n\t\t\t<div class=\"elementor-widget-wrap elementor-element-populated\">\n\t\t\t\t\t\t<div class=\"elementor-element elementor-element-480f5ab elementor-widget elementor-widget-heading\" data-id=\"480f5ab\" data-element_type=\"widget\" data-e-type=\"widget\" id=\"energy\" data-widget_type=\"heading.default\">\n\t\t\t\t<div class=\"elementor-widget-container\">\n\t\t\t\t\t<h2 class=\"elementor-heading-title elementor-size-default\">Energ\u00eda<\/h2>\t\t\t\t<\/div>\n\t\t\t\t<\/div>\n\t\t\t\t<div class=\"elementor-element elementor-element-258fc069 elementor-widget elementor-widget-text-editor\" data-id=\"258fc069\" data-element_type=\"widget\" data-e-type=\"widget\" data-widget_type=\"text-editor.default\">\n\t\t\t\t<div class=\"elementor-widget-container\">\n\t\t\t\t\t\t\t\t\t<p>Our furnaces are powered by electricity and in the 12 months to&nbsp; November 2023, 71.5% of this electricity was derived from renewable sources.<\/p>\n<p>Esperamos aumentar el uso de energ\u00eda renovable en el futuro cercano, lo que est\u00e1 en l\u00ednea con el objetivo de Australia del Sur de ser 100% renovables netas para el a\u00f1o 2030.<\/p>\t\t\t\t\t\t\t\t<\/div>\n\t\t\t\t<\/div>\n\t\t\t\t\t<\/div>\n\t\t<\/div>\n\t\t\t\t<div class=\"elementor-column elementor-col-50 elementor-top-column elementor-element elementor-element-65bc7449 animated-fast elementor-invisible\" data-id=\"65bc7449\" data-element_type=\"column\" data-e-type=\"column\" data-settings=\"{&quot;animation&quot;:&quot;slideInRight&quot;,&quot;animation_tablet&quot;:&quot;none&quot;,&quot;animation_mobile&quot;:&quot;none&quot;}\">\n\t\t\t<div class=\"elementor-widget-wrap elementor-element-populated\">\n\t\t\t\t\t\t<div class=\"elementor-element elementor-element-2efba310 elementor-widget elementor-widget-image\" data-id=\"2efba310\" data-element_type=\"widget\" data-e-type=\"widget\" data-settings=\"{&quot;_animation_mobile&quot;:&quot;none&quot;}\" data-widget_type=\"image.default\">\n\t\t\t\t<div class=\"elementor-widget-container\">\n\t\t\t\t\t\t\t\t\t\t\t\t\t\t\t<img decoding=\"async\" src=\"https:\/\/i0.wp.com\/intercast.com.au\/wp-content\/uploads\/2021\/05\/Sheep-Paddock-Slope.jpg?fit=1200%2C700&#038;ssl=1\" title=\"Pendiente del prado de ovejas\" alt=\"Pendiente del prado de ovejas\" loading=\"lazy\" \/>\t\t\t\t\t\t\t\t\t\t\t\t\t\t\t<\/div>\n\t\t\t\t<\/div>\n\t\t\t\t\t<\/div>\n\t\t<\/div>\n\t\t\t\t\t<\/div>\n\t\t<\/section>\n\t\t\t\t<section class=\"elementor-section elementor-top-section elementor-element elementor-element-2a97774 elementor-section-boxed elementor-section-height-default elementor-section-height-default\" data-id=\"2a97774\" data-element_type=\"section\" data-e-type=\"section\">\n\t\t\t\t\t\t<div class=\"elementor-container elementor-column-gap-default\">\n\t\t\t\t\t<div class=\"elementor-column elementor-col-50 elementor-top-column elementor-element elementor-element-fcd7538\" data-id=\"fcd7538\" data-element_type=\"column\" data-e-type=\"column\" data-settings=\"{&quot;animation_mobile&quot;:&quot;none&quot;}\">\n\t\t\t<div class=\"elementor-widget-wrap elementor-element-populated\">\n\t\t\t\t\t\t<div class=\"elementor-element elementor-element-60c95db elementor-widget elementor-widget-heading\" data-id=\"60c95db\" data-element_type=\"widget\" data-e-type=\"widget\" id=\"waste\" data-widget_type=\"heading.default\">\n\t\t\t\t<div class=\"elementor-widget-container\">\n\t\t\t\t\t<h2 class=\"elementor-heading-title elementor-size-default\">Desperdicio<\/h2>\t\t\t\t<\/div>\n\t\t\t\t<\/div>\n\t\t\t\t<div class=\"elementor-element elementor-element-2ceb444 elementor-widget elementor-widget-text-editor\" data-id=\"2ceb444\" data-element_type=\"widget\" data-e-type=\"widget\" data-widget_type=\"text-editor.default\">\n\t\t\t\t<div class=\"elementor-widget-container\">\n\t\t\t\t\t\t\t\t\t<p>Adem\u00e1s de desarrollar nuevos m\u00e9todos para reducir el desperdicio, hemos encontrado usos beneficiosos para 61% de nuestros subproductos de desperdicio.<\/p><p>Esto incluye capturar y suministrar arena residual del proceso de fundici\u00f3n en la agricultura para enriquecer los suelos y aumentar el rendimiento de los cultivos.<\/p><p>Incluso se capturan las emisiones del horno y se recupera el zinc del humo, este se utiliza en la industria qu\u00edmica para la producci\u00f3n de fertilizantes.<\/p>\t\t\t\t\t\t\t\t<\/div>\n\t\t\t\t<\/div>\n\t\t\t\t\t<\/div>\n\t\t<\/div>\n\t\t\t\t<div class=\"elementor-column elementor-col-50 elementor-top-column elementor-element elementor-element-e7eba98 animated-fast elementor-invisible\" data-id=\"e7eba98\" data-element_type=\"column\" data-e-type=\"column\" data-settings=\"{&quot;animation&quot;:&quot;slideInRight&quot;,&quot;animation_tablet&quot;:&quot;none&quot;,&quot;animation_mobile&quot;:&quot;none&quot;}\">\n\t\t\t<div class=\"elementor-widget-wrap elementor-element-populated\">\n\t\t\t\t\t\t<div class=\"elementor-element elementor-element-a61ed0d elementor-widget elementor-widget-image\" data-id=\"a61ed0d\" data-element_type=\"widget\" data-e-type=\"widget\" data-settings=\"{&quot;_animation_mobile&quot;:&quot;none&quot;}\" data-widget_type=\"image.default\">\n\t\t\t\t<div class=\"elementor-widget-container\">\n\t\t\t\t\t\t\t\t\t\t\t\t\t\t\t<img decoding=\"async\" src=\"https:\/\/i0.wp.com\/intercast.com.au\/wp-content\/uploads\/2021\/06\/Intercast-Circular-Economy.jpg?fit=1313%2C1137&#038;ssl=1\" title=\"Econom\u00eda circular intercast\" alt=\"Econom\u00eda circular intercast\" loading=\"lazy\" \/>\t\t\t\t\t\t\t\t\t\t\t\t\t\t\t<\/div>\n\t\t\t\t<\/div>\n\t\t\t\t\t<\/div>\n\t\t<\/div>\n\t\t\t\t\t<\/div>\n\t\t<\/section>\n\t\t\t\t<\/div>","protected":false},"excerpt":{"rendered":"<p>ENVIRONMENT Casting an eye on the Future As a major manufacturer, we take our Carbon footprint seriously and understand that every decision we make can have a major impact on the environment. We set objectives and targets based on our identified impacts on the environment and ensure these are monitored, measured, and reviewed for continued <a href=\"https:\/\/intercast.com.au\/es\/environmental\/\" class=\"more-link\">&#8230;<span class=\"screen-reader-text\">  AMBIENTAL<\/span><\/a><\/p>","protected":false},"author":179110936,"featured_media":0,"parent":0,"menu_order":0,"comment_status":"closed","ping_status":"closed","template":"","meta":{"_coblocks_attr":"","_coblocks_dimensions":"","_coblocks_responsive_height":"","_coblocks_accordion_ie_support":"","jetpack_post_was_ever_published":false,"footnotes":""},"class_list":["post-324","page","type-page","status-publish","hentry"],"yoast_head":"<!-- This site is optimized with the Yoast SEO plugin v27.3 - https:\/\/yoast.com\/product\/yoast-seo-wordpress\/ -->\n<title>ENVIRONMENTAL - Intercast and Forge<\/title>\n<meta name=\"description\" content=\"Intercast is heavily focused on renewable energy and re-use of old and scrap materials.\" \/>\n<meta name=\"robots\" content=\"index, follow, max-snippet:-1, max-image-preview:large, max-video-preview:-1\" \/>\n<link rel=\"canonical\" href=\"https:\/\/intercast.com.au\/es\/environmental\/\" \/>\n<meta property=\"og:locale\" content=\"es_ES\" \/>\n<meta property=\"og:type\" content=\"article\" \/>\n<meta property=\"og:title\" content=\"ENVIRONMENTAL - Intercast and Forge\" \/>\n<meta property=\"og:description\" content=\"Intercast is heavily focused on renewable energy and re-use of old and scrap materials.\" \/>\n<meta property=\"og:url\" content=\"https:\/\/intercast.com.au\/es\/environmental\/\" \/>\n<meta property=\"og:site_name\" content=\"Intercast and Forge\" \/>\n<meta property=\"article:modified_time\" content=\"2023-11-29T06:27:39+00:00\" \/>\n<meta property=\"og:image\" content=\"https:\/\/intercast.com.au\/wp-content\/uploads\/2021\/05\/Environment-Hero-Cropped.jpg\" \/>\n<meta name=\"twitter:card\" content=\"summary_large_image\" \/>\n<meta name=\"twitter:label1\" content=\"Tiempo de lectura\" \/>\n\t<meta name=\"twitter:data1\" content=\"3 minutos\" \/>\n<script type=\"application\/ld+json\" class=\"yoast-schema-graph\">{\"@context\":\"https:\\\/\\\/schema.org\",\"@graph\":[{\"@type\":\"WebPage\",\"@id\":\"https:\\\/\\\/intercast.com.au\\\/environmental\\\/\",\"url\":\"https:\\\/\\\/intercast.com.au\\\/environmental\\\/\",\"name\":\"ENVIRONMENTAL - Intercast and Forge\",\"isPartOf\":{\"@id\":\"https:\\\/\\\/intercast.com.au\\\/#website\"},\"primaryImageOfPage\":{\"@id\":\"https:\\\/\\\/intercast.com.au\\\/environmental\\\/#primaryimage\"},\"image\":{\"@id\":\"https:\\\/\\\/intercast.com.au\\\/environmental\\\/#primaryimage\"},\"thumbnailUrl\":\"https:\\\/\\\/intercast.com.au\\\/wp-content\\\/uploads\\\/2021\\\/05\\\/Environment-Hero-Cropped.jpg\",\"datePublished\":\"2021-05-10T05:42:44+00:00\",\"dateModified\":\"2023-11-29T06:27:39+00:00\",\"description\":\"Intercast is heavily focused on renewable energy and re-use of old and scrap materials.\",\"breadcrumb\":{\"@id\":\"https:\\\/\\\/intercast.com.au\\\/environmental\\\/#breadcrumb\"},\"inLanguage\":\"es\",\"potentialAction\":[{\"@type\":\"ReadAction\",\"target\":[\"https:\\\/\\\/intercast.com.au\\\/environmental\\\/\"]}]},{\"@type\":\"ImageObject\",\"inLanguage\":\"es\",\"@id\":\"https:\\\/\\\/intercast.com.au\\\/environmental\\\/#primaryimage\",\"url\":\"https:\\\/\\\/intercast.com.au\\\/wp-content\\\/uploads\\\/2021\\\/05\\\/Environment-Hero-Cropped.jpg\",\"contentUrl\":\"https:\\\/\\\/intercast.com.au\\\/wp-content\\\/uploads\\\/2021\\\/05\\\/Environment-Hero-Cropped.jpg\"},{\"@type\":\"BreadcrumbList\",\"@id\":\"https:\\\/\\\/intercast.com.au\\\/environmental\\\/#breadcrumb\",\"itemListElement\":[{\"@type\":\"ListItem\",\"position\":1,\"name\":\"Home\",\"item\":\"https:\\\/\\\/intercast.com.au\\\/\"},{\"@type\":\"ListItem\",\"position\":2,\"name\":\"ENVIRONMENTAL\"}]},{\"@type\":\"WebSite\",\"@id\":\"https:\\\/\\\/intercast.com.au\\\/#website\",\"url\":\"https:\\\/\\\/intercast.com.au\\\/\",\"name\":\"Intercast and Forge\",\"description\":\"Your Foundry of Choice\",\"potentialAction\":[{\"@type\":\"SearchAction\",\"target\":{\"@type\":\"EntryPoint\",\"urlTemplate\":\"https:\\\/\\\/intercast.com.au\\\/?s={search_term_string}\"},\"query-input\":{\"@type\":\"PropertyValueSpecification\",\"valueRequired\":true,\"valueName\":\"search_term_string\"}}],\"inLanguage\":\"es\"}]}<\/script>\n<!-- \/ Yoast SEO plugin. -->","yoast_head_json":{"title":"MEDIOAMBIENTAL - Intercast y Forge","description":"Intercast se centra principalmente en las energ\u00edas renovables y la reutilizaci\u00f3n de materiales viejos y de desecho.","robots":{"index":"index","follow":"follow","max-snippet":"max-snippet:-1","max-image-preview":"max-image-preview:large","max-video-preview":"max-video-preview:-1"},"canonical":"https:\/\/intercast.com.au\/es\/environmental\/","og_locale":"es_ES","og_type":"article","og_title":"ENVIRONMENTAL - Intercast and Forge","og_description":"Intercast is heavily focused on renewable energy and re-use of old and scrap materials.","og_url":"https:\/\/intercast.com.au\/es\/environmental\/","og_site_name":"Intercast and Forge","article_modified_time":"2023-11-29T06:27:39+00:00","og_image":[{"url":"https:\/\/intercast.com.au\/wp-content\/uploads\/2021\/05\/Environment-Hero-Cropped.jpg","type":"","width":"","height":""}],"twitter_card":"summary_large_image","twitter_misc":{"Tiempo de lectura":"3 minutos"},"schema":{"@context":"https:\/\/schema.org","@graph":[{"@type":"WebPage","@id":"https:\/\/intercast.com.au\/environmental\/","url":"https:\/\/intercast.com.au\/environmental\/","name":"MEDIOAMBIENTAL - Intercast y Forge","isPartOf":{"@id":"https:\/\/intercast.com.au\/#website"},"primaryImageOfPage":{"@id":"https:\/\/intercast.com.au\/environmental\/#primaryimage"},"image":{"@id":"https:\/\/intercast.com.au\/environmental\/#primaryimage"},"thumbnailUrl":"https:\/\/intercast.com.au\/wp-content\/uploads\/2021\/05\/Environment-Hero-Cropped.jpg","datePublished":"2021-05-10T05:42:44+00:00","dateModified":"2023-11-29T06:27:39+00:00","description":"Intercast se centra principalmente en las energ\u00edas renovables y la reutilizaci\u00f3n de materiales viejos y de desecho.","breadcrumb":{"@id":"https:\/\/intercast.com.au\/environmental\/#breadcrumb"},"inLanguage":"es","potentialAction":[{"@type":"ReadAction","target":["https:\/\/intercast.com.au\/environmental\/"]}]},{"@type":"ImageObject","inLanguage":"es","@id":"https:\/\/intercast.com.au\/environmental\/#primaryimage","url":"https:\/\/intercast.com.au\/wp-content\/uploads\/2021\/05\/Environment-Hero-Cropped.jpg","contentUrl":"https:\/\/intercast.com.au\/wp-content\/uploads\/2021\/05\/Environment-Hero-Cropped.jpg"},{"@type":"BreadcrumbList","@id":"https:\/\/intercast.com.au\/environmental\/#breadcrumb","itemListElement":[{"@type":"ListItem","position":1,"name":"Home","item":"https:\/\/intercast.com.au\/"},{"@type":"ListItem","position":2,"name":"ENVIRONMENTAL"}]},{"@type":"WebSite","@id":"https:\/\/intercast.com.au\/#website","url":"https:\/\/intercast.com.au\/","name":"Intercast y Forge","description":"Su fundici\u00f3n de elecci\u00f3n","potentialAction":[{"@type":"SearchAction","target":{"@type":"EntryPoint","urlTemplate":"https:\/\/intercast.com.au\/?s={search_term_string}"},"query-input":{"@type":"PropertyValueSpecification","valueRequired":true,"valueName":"search_term_string"}}],"inLanguage":"es"}]}},"jetpack_shortlink":"https:\/\/wp.me\/PbsZUT-5e","jetpack_sharing_enabled":true,"amp_enabled":true,"_links":{"self":[{"href":"https:\/\/intercast.com.au\/es\/wp-json\/wp\/v2\/pages\/324","targetHints":{"allow":["GET"]}}],"collection":[{"href":"https:\/\/intercast.com.au\/es\/wp-json\/wp\/v2\/pages"}],"about":[{"href":"https:\/\/intercast.com.au\/es\/wp-json\/wp\/v2\/types\/page"}],"author":[{"embeddable":true,"href":"https:\/\/intercast.com.au\/es\/wp-json\/wp\/v2\/users\/179110936"}],"replies":[{"embeddable":true,"href":"https:\/\/intercast.com.au\/es\/wp-json\/wp\/v2\/comments?post=324"}],"version-history":[{"count":100,"href":"https:\/\/intercast.com.au\/es\/wp-json\/wp\/v2\/pages\/324\/revisions"}],"predecessor-version":[{"id":3432,"href":"https:\/\/intercast.com.au\/es\/wp-json\/wp\/v2\/pages\/324\/revisions\/3432"}],"wp:attachment":[{"href":"https:\/\/intercast.com.au\/es\/wp-json\/wp\/v2\/media?parent=324"}],"curies":[{"name":"wp","href":"https:\/\/api.w.org\/{rel}","templated":true}]}}